{"id":1771,"date":"2022-05-13T19:16:41","date_gmt":"2022-05-13T17:16:41","guid":{"rendered":"https:\/\/grupp-web.de\/cms\/?page_id=1771"},"modified":"2022-05-13T19:16:41","modified_gmt":"2022-05-13T17:16:41","slug":"dienste","status":"publish","type":"page","link":"https:\/\/grupp-web.de\/cms\/dienste\/","title":{"rendered":"&#8230; Dienste"},"content":{"rendered":"\n<p>Dienste im Bereich &#8222;grupp-web.de&#8220;<\/p>\n\n\n\n<ul class=\"wp-block-list\"><li>XMPP- bzw. Jabber-Server. Konten nur f\u00fcr pers\u00f6nlich Bekannte &amp; Freunde<\/li><li>Nextcloud-Server. Konten nur f\u00fcr pers\u00f6nlich Bekannte &amp; Freunde<\/li><li><a href=\"https:\/\/grupp-web.de\/terminplaner\/\" target=\"_blank\" rel=\"noreferrer noopener\">Framadate f\u00fcr Terminplanung &amp; klassische Umfragen<\/a> &#8211; free to use<\/li><\/ul>\n\n\n\n<p><\/p>\n","protected":false},"excerpt":{"rendered":"<p>Dienste im Bereich &#8222;grupp-web.de&#8220; XMPP- bzw. Jabber-Server. Konten nur f\u00fcr pers\u00f6nlich Bekannte &amp; Freunde Nextcloud-Server. Konten nur f\u00fcr pers\u00f6nlich Bekannte &amp; Freunde Framadate f\u00fcr Terminplanung &amp; klassische Umfragen &#8211; free to use<\/p>\n","protected":false},"author":1,"featured_media":0,"parent":0,"menu_order":0,"comment_status":"closed","ping_status":"closed","template":"","meta":{"footnotes":""},"class_list":["post-1771","page","type-page","status-publish"],"_links":{"self":[{"href":"https:\/\/grupp-web.de\/cms\/wp-json\/wp\/v2\/pages\/1771","targetHints":{"allow":["GET"]}}],"collection":[{"href":"https:\/\/grupp-web.de\/cms\/wp-json\/wp\/v2\/pages"}],"about":[{"href":"https:\/\/grupp-web.de\/cms\/wp-json\/wp\/v2\/types\/page"}],"author":[{"embeddable":true,"href":"https:\/\/grupp-web.de\/cms\/wp-json\/wp\/v2\/users\/1"}],"replies":[{"embeddable":true,"href":"https:\/\/grupp-web.de\/cms\/wp-json\/wp\/v2\/comments?post=1771"}],"version-history":[{"count":1,"href":"https:\/\/grupp-web.de\/cms\/wp-json\/wp\/v2\/pages\/1771\/revisions"}],"predecessor-version":[{"id":1772,"href":"https:\/\/grupp-web.de\/cms\/wp-json\/wp\/v2\/pages\/1771\/revisions\/1772"}],"wp:attachment":[{"href":"https:\/\/grupp-web.de\/cms\/wp-json\/wp\/v2\/media?parent=1771"}],"curies":[{"name":"wp","href":"https:\/\/api.w.org\/{rel}","templated":true}]}}