{"id":1654,"date":"2020-03-06T13:49:04","date_gmt":"2020-03-06T12:49:04","guid":{"rendered":"https:\/\/grupp-web.de\/cms\/?page_id=1654"},"modified":"2020-03-07T14:03:38","modified_gmt":"2020-03-07T13:03:38","slug":"symmetrische-verschluesselung-von-dateien-mit-gnupg-unter-windows","status":"publish","type":"page","link":"https:\/\/grupp-web.de\/cms\/symmetrische-verschluesselung-von-dateien-mit-gnupg-unter-windows\/","title":{"rendered":"Symmetrische Verschl\u00fcsselung von Dateien und ganzen Verzeichnissen mit GnuPG unter Windows"},"content":{"rendered":"\n<p>Diese Art von Dateiverschl\u00fcsselung ist auf alle Arten von Dateien anwendbar. Der Aufwand f\u00fcr die Verschl\u00fcsselung ist f\u00fcr die Anwender sehr \u00fcberschaubar &#8211; es ist daf\u00fcr nur ein Passphrase festzulegen.<\/p>\n\n\n\n<p>Die nachfolgende Anleitung geht davon aus, dass vorab Gpg4win installiert wurde &#8211; siehe die zugeh\u00f6rige Anleitung!<\/p>\n\n\n\n<h2 class=\"wp-block-heading\">Verschl\u00fcsseln<\/h2>\n\n\n\n<p>Machen wir das doch einfach mal an einem konkreten Beispiel. Gegeben sei die nachfolgend gezeigte Datei &#8222;Vertrauliche-Info.txt&#8220; mit dem ebenfalls gezeigten Textinhalt. Diese Datei soll nun so verschl\u00fcsselt werden, dass sie z.B. als verschl\u00fcsselter Anhang an einer eigentlich unverschl\u00fcsselten Mail versandt werden kann.<\/p>\n\n\n\n<figure class=\"wp-block-image size-large\"><img loading=\"lazy\" decoding=\"async\" width=\"744\" height=\"442\" src=\"https:\/\/grupp-web.de\/cms\/wp-content\/uploads\/2020\/03\/01_Datei-mit-sensitivem-Inhalt.png\" alt=\"\" class=\"wp-image-1655\" srcset=\"https:\/\/grupp-web.de\/cms\/wp-content\/uploads\/2020\/03\/01_Datei-mit-sensitivem-Inhalt.png 744w, https:\/\/grupp-web.de\/cms\/wp-content\/uploads\/2020\/03\/01_Datei-mit-sensitivem-Inhalt-300x178.png 300w\" sizes=\"auto, (max-width: 744px) 100vw, 744px\" \/><\/figure>\n\n\n\n<p>Wir klicken im Explorer nun auf die zu verschl\u00fcsselnde Datei und w\u00e4hlen dann im Kontextmen\u00fc &#8222;Mehr GpgEx Optionen&#8220; -&gt; &#8222;Verschl\u00fcsseln&#8220;.<\/p>\n\n\n\n<figure class=\"wp-block-image size-large\"><img loading=\"lazy\" decoding=\"async\" width=\"441\" height=\"318\" src=\"https:\/\/grupp-web.de\/cms\/wp-content\/uploads\/2020\/03\/02_Datei-Rechtsklick-Verschluesseln.png\" alt=\"\" class=\"wp-image-1656\" srcset=\"https:\/\/grupp-web.de\/cms\/wp-content\/uploads\/2020\/03\/02_Datei-Rechtsklick-Verschluesseln.png 441w, https:\/\/grupp-web.de\/cms\/wp-content\/uploads\/2020\/03\/02_Datei-Rechtsklick-Verschluesseln-300x216.png 300w\" sizes=\"auto, (max-width: 441px) 100vw, 441px\" \/><\/figure>\n\n\n\n<p>Im dann angezeigten Dialog werden die beiden Optionen<\/p>\n\n\n\n<ul class=\"wp-block-list\"><li>F\u00fcr mich verschl\u00fcsseln<\/li><li>F\u00fcr andere verschl\u00fcsseln<\/li><\/ul>\n\n\n\n<p>deaktiviert und statt dessen die Option<\/p>\n\n\n\n<ul class=\"wp-block-list\"><li>Mit Passwort verschl\u00fcsseln. Jeder dem Sie das Passwort mitteilen, kann die Daten lesen.<\/li><\/ul>\n\n\n\n<p>aktiviert. Der Dialog ist also so einzustellen:<\/p>\n\n\n\n<figure class=\"wp-block-image size-large\"><img loading=\"lazy\" decoding=\"async\" width=\"524\" height=\"489\" src=\"https:\/\/grupp-web.de\/cms\/wp-content\/uploads\/2020\/03\/03_Verschluesselungs-Einstellungen-fuer-SymCrypt.png\" alt=\"\" class=\"wp-image-1657\" srcset=\"https:\/\/grupp-web.de\/cms\/wp-content\/uploads\/2020\/03\/03_Verschluesselungs-Einstellungen-fuer-SymCrypt.png 524w, https:\/\/grupp-web.de\/cms\/wp-content\/uploads\/2020\/03\/03_Verschluesselungs-Einstellungen-fuer-SymCrypt-300x280.png 300w\" sizes=\"auto, (max-width: 524px) 100vw, 524px\" \/><\/figure>\n\n\n\n<p>Nach einem Klick auf &#8222;Verschl\u00fcsseln&#8220; startet dieser Vorgang. Als Sicherheit der Verschl\u00fcsselung wird ein Passphrase ben\u00f6tigt der nun abgefragt wird.<\/p>\n\n\n\n<figure class=\"wp-block-image size-large\"><img loading=\"lazy\" decoding=\"async\" width=\"537\" height=\"356\" src=\"https:\/\/grupp-web.de\/cms\/wp-content\/uploads\/2020\/03\/04_Verschluesselungs-Passphrase-eingeben.png\" alt=\"\" class=\"wp-image-1658\" srcset=\"https:\/\/grupp-web.de\/cms\/wp-content\/uploads\/2020\/03\/04_Verschluesselungs-Passphrase-eingeben.png 537w, https:\/\/grupp-web.de\/cms\/wp-content\/uploads\/2020\/03\/04_Verschluesselungs-Passphrase-eingeben-300x199.png 300w\" sizes=\"auto, (max-width: 537px) 100vw, 537px\" \/><\/figure>\n\n\n\n<p>Hier unbedingt einen m\u00f6glichst sicheren Passphrase entsprechender L\u00e4nge verwenden! Nach der Eingabe und einer Best\u00e4tigung mit &#8222;OK&#8220; wird der Passphrase zur Kontroller noch einmal abgefragt.<\/p>\n\n\n\n<figure class=\"wp-block-image size-large\"><img loading=\"lazy\" decoding=\"async\" width=\"333\" height=\"179\" src=\"https:\/\/grupp-web.de\/cms\/wp-content\/uploads\/2020\/03\/05_Verschluesselungs-Passphrase-wiederholen.png\" alt=\"\" class=\"wp-image-1659\" srcset=\"https:\/\/grupp-web.de\/cms\/wp-content\/uploads\/2020\/03\/05_Verschluesselungs-Passphrase-wiederholen.png 333w, https:\/\/grupp-web.de\/cms\/wp-content\/uploads\/2020\/03\/05_Verschluesselungs-Passphrase-wiederholen-300x161.png 300w\" sizes=\"auto, (max-width: 333px) 100vw, 333px\" \/><\/figure>\n\n\n\n<p>Die Eingabe des Passphrases wiederholen und mit &#8222;OK&#8220; best\u00e4tigen. Nach kurzer Zeit wird der Erfolg der Aktion so angezeigt:<\/p>\n\n\n\n<figure class=\"wp-block-image size-large\"><img loading=\"lazy\" decoding=\"async\" width=\"522\" height=\"486\" src=\"https:\/\/grupp-web.de\/cms\/wp-content\/uploads\/2020\/03\/06_Verschluesselung-fertig.png\" alt=\"\" class=\"wp-image-1660\" srcset=\"https:\/\/grupp-web.de\/cms\/wp-content\/uploads\/2020\/03\/06_Verschluesselung-fertig.png 522w, https:\/\/grupp-web.de\/cms\/wp-content\/uploads\/2020\/03\/06_Verschluesselung-fertig-300x279.png 300w\" sizes=\"auto, (max-width: 522px) 100vw, 522px\" \/><\/figure>\n\n\n\n<p>Den obigen Dialog mit &#8222;Abschlie\u00dfen&#8220; schlie\u00dfen. Das Ergebnis der ganzen Aktion ist nun im Explorer zu sehen &#8211; in diesem Beispiel die Datei &#8222;Vertrauliche-Info.txt.gpg&#8220;. Dabei handelt es sich um die symmetrisch verschl\u00fcsselte Version der Datei &#8222;Vertrauliche-Info.txt&#8220;, die nach wie vor unverschl\u00fcsselt parallel zu finden ist.<\/p>\n\n\n\n<figure class=\"wp-block-image size-large\"><img loading=\"lazy\" decoding=\"async\" width=\"439\" height=\"179\" src=\"https:\/\/grupp-web.de\/cms\/wp-content\/uploads\/2020\/03\/07_UnverschOrigi-und-VerschGPG-Datei.png\" alt=\"\" class=\"wp-image-1661\" srcset=\"https:\/\/grupp-web.de\/cms\/wp-content\/uploads\/2020\/03\/07_UnverschOrigi-und-VerschGPG-Datei.png 439w, https:\/\/grupp-web.de\/cms\/wp-content\/uploads\/2020\/03\/07_UnverschOrigi-und-VerschGPG-Datei-300x122.png 300w\" sizes=\"auto, (max-width: 439px) 100vw, 439px\" \/><\/figure>\n\n\n\n<p>Rein zur Demonstration der Verschl\u00fcsselung ist der Inhalt hier in einem Texteditor gezeigt:<\/p>\n\n\n\n<figure class=\"wp-block-image size-large\"><img loading=\"lazy\" decoding=\"async\" width=\"503\" height=\"239\" src=\"https:\/\/grupp-web.de\/cms\/wp-content\/uploads\/2020\/03\/08_VerschGPG-Datei-im-Texteditor.png\" alt=\"\" class=\"wp-image-1662\" srcset=\"https:\/\/grupp-web.de\/cms\/wp-content\/uploads\/2020\/03\/08_VerschGPG-Datei-im-Texteditor.png 503w, https:\/\/grupp-web.de\/cms\/wp-content\/uploads\/2020\/03\/08_VerschGPG-Datei-im-Texteditor-300x143.png 300w\" sizes=\"auto, (max-width: 503px) 100vw, 503px\" \/><\/figure>\n\n\n\n<p>Die Darstellung tr\u00fcgt hier, denn der Dateiinhalt ist kein Text mehr, auch keiner mit asiatischen Schriftzeichen! Es handelt sich um eine Bin\u00e4rdatei, mit verschl\u00fcsseltem Inhalt, und die Datei kann nun \u00fcber unsichere Kan\u00e4le \u00fcbermittelt werden &#8211; z.B. als Anhang einer unverschl\u00fcsselten Mail!<\/p>\n\n\n\n<h2 class=\"wp-block-heading\">Entschl\u00fcsseln<\/h2>\n\n\n\n<p>Die verschl\u00fcsselten Informationen sind auch \u00e4hnlich einfach entschl\u00fcsselbar. Gehen wir hier davon aus, dass der\/die Mailempf\u00e4nger:in den verschl\u00fcsselten Dateianhang wieder als Datei im System gespeichert hat.<\/p>\n\n\n\n<p>Wir starten dann auch in diesem Fall mit einem rechten Mausklick auf die Datei. Im Kontextmen\u00fc wird nun &#8222;Entschl\u00fcsseln und pr\u00fcfen&#8220; angeklickt &#8230;<\/p>\n\n\n\n<figure class=\"wp-block-image size-large\"><img loading=\"lazy\" decoding=\"async\" width=\"359\" height=\"229\" src=\"https:\/\/grupp-web.de\/cms\/wp-content\/uploads\/2020\/03\/09_VerschGPG-Datei-Entschluesseln-starten.png\" alt=\"\" class=\"wp-image-1663\" srcset=\"https:\/\/grupp-web.de\/cms\/wp-content\/uploads\/2020\/03\/09_VerschGPG-Datei-Entschluesseln-starten.png 359w, https:\/\/grupp-web.de\/cms\/wp-content\/uploads\/2020\/03\/09_VerschGPG-Datei-Entschluesseln-starten-300x191.png 300w\" sizes=\"auto, (max-width: 359px) 100vw, 359px\" \/><\/figure>\n\n\n\n<p>&#8230; und eine Weile gewartet. Beim ersten Mal, pro Anmeldung am Rechner, dauert das etwas l\u00e4nger. Letztendlich sollte aber nach einer Wartezeit die nachfolgende Passphrase-Abfrage erscheinen.<\/p>\n\n\n\n<figure class=\"wp-block-image size-large\"><img loading=\"lazy\" decoding=\"async\" width=\"388\" height=\"311\" src=\"https:\/\/grupp-web.de\/cms\/wp-content\/uploads\/2020\/03\/10_Abfrage-Passphrase-fuer-Entschluesselung.png\" alt=\"\" class=\"wp-image-1664\" srcset=\"https:\/\/grupp-web.de\/cms\/wp-content\/uploads\/2020\/03\/10_Abfrage-Passphrase-fuer-Entschluesselung.png 388w, https:\/\/grupp-web.de\/cms\/wp-content\/uploads\/2020\/03\/10_Abfrage-Passphrase-fuer-Entschluesselung-300x240.png 300w\" sizes=\"auto, (max-width: 388px) 100vw, 388px\" \/><\/figure>\n\n\n\n<p>Hier ist der bei der Verschl\u00fcsselung (siehe oben) verwendete Passphrase einzugeben. Sofern der richtige Passphrase eingegeben wurde, wird nach kurzer Zeit die erfolgreiche Entschl\u00fcsselung wie folgt angezeigt:<\/p>\n\n\n\n<figure class=\"wp-block-image size-large\"><img loading=\"lazy\" decoding=\"async\" width=\"486\" height=\"370\" src=\"https:\/\/grupp-web.de\/cms\/wp-content\/uploads\/2020\/03\/11_Entschluesseln-fertig-Nun-speichern.png\" alt=\"\" class=\"wp-image-1665\" srcset=\"https:\/\/grupp-web.de\/cms\/wp-content\/uploads\/2020\/03\/11_Entschluesseln-fertig-Nun-speichern.png 486w, https:\/\/grupp-web.de\/cms\/wp-content\/uploads\/2020\/03\/11_Entschluesseln-fertig-Nun-speichern-300x228.png 300w\" sizes=\"auto, (max-width: 486px) 100vw, 486px\" \/><\/figure>\n\n\n\n<p>Hier noch auf &#8222;Alles speichern&#8220; klicken. Die urspr\u00fcngliche Datei sollte nun in unverschl\u00fcsselter Form verf\u00fcgbar sein.<\/p>\n\n\n\n<figure class=\"wp-block-image size-large\"><img loading=\"lazy\" decoding=\"async\" width=\"372\" height=\"79\" src=\"https:\/\/grupp-web.de\/cms\/wp-content\/uploads\/2020\/03\/12_Original-durch-Entschluesselung-wieder-verfuegbar.png\" alt=\"\" class=\"wp-image-1666\" srcset=\"https:\/\/grupp-web.de\/cms\/wp-content\/uploads\/2020\/03\/12_Original-durch-Entschluesselung-wieder-verfuegbar.png 372w, https:\/\/grupp-web.de\/cms\/wp-content\/uploads\/2020\/03\/12_Original-durch-Entschluesselung-wieder-verfuegbar-300x64.png 300w\" sizes=\"auto, (max-width: 372px) 100vw, 372px\" \/><\/figure>\n\n\n\n<h2 class=\"wp-block-heading\">Verschl\u00fcsseln von Verzeichnissen<\/h2>\n\n\n\n<p>Nun &#8230; der Abschnitt ist eigentlich schnell dokumentiert. Das funktioniert n\u00e4mlich genau gleich, au\u00dfer, dass man eben nicht eine Datei verschl\u00fcsselt, sondern den obigen Prozess mit einem rechten Mausklick auf einen Ordner startet. Ergebnis ist eine einzige Datei, die ebenfalls die Endung &#8222;.tar.gpg&#8220; hat und komplette Ordner-Hierarchien inklusive der darin abgelegten Dateien enth\u00e4lt!<\/p>\n\n\n\n<p>Wichtig zu beachten: Wenn man die Datei umbenennt, um z.B. verr\u00e4terische Informationen aus dem Dateinamen zu entfernen, ist der .tar-Anteil des Dateinamens f\u00fcr die Entschl\u00fcsselung sehr wichtig! Das Entpacken als Ordner-Hierarchie wird nur dann korrekt vorgenommen wenn die Endung &#8222;.tar.gpg&#8220; ist!<\/p>\n\n\n\n<p>Einzig etwas &#8222;verwirrender&#8220; Aspekt: Beim Entpacken wird ein Ordner mit den Namen der GPG-Datei angelegt. Der ist im Normalfall identisch mit dem Namen des Ordners den man urspr\u00fcnglich verschl\u00fcsselt hatte. Beim Entschl\u00fcsseln wird also ein Ordner gleichen Namens angelegt &#8211; in dem dann die ganze urspr\u00fcngliche Ordner-Hierarchie und die Dateien wiederhergestellt werden. Das beginnt aber wieder mit dem Ordner den man verschl\u00fcsselt hat. Damit sieht es so aus als ob der Start-Ordner zwei Mal da w\u00e4re:<\/p>\n\n\n\n<ol class=\"wp-block-list\"><li>Der erste Ordner leitet seinen Namen aus dem Dateinamen der GPG-Datei ab.<\/li><li>Darin enthalten ist dann die urspr\u00fcngliche Ordner-Hierarchie, die mit dem urspr\u00fcnglichen Startordner beginnt.<\/li><\/ol>\n\n\n\n<p>Hat man als die GPG-Datei nicht umbenannt, sind die Namen von Ordner 1 und Ordner 2 identisch. Das mag verwirren, ist aber bzgl. der Informationen eine Sicherheitsma\u00dfnahme. Die Daten sind weiterhin da, nur um eine Ordnertiefe erg\u00e4nzt.<\/p>\n","protected":false},"excerpt":{"rendered":"<p>Diese Art von Dateiverschl\u00fcsselung ist auf alle Arten von Dateien anwendbar. Der Aufwand f\u00fcr die Verschl\u00fcsselung ist f\u00fcr die Anwender sehr \u00fcberschaubar &#8211; es ist daf\u00fcr nur ein Passphrase festzulegen. Die nachfolgende Anleitung geht davon aus, dass vorab Gpg4win installiert wurde &#8211; siehe die zugeh\u00f6rige Anleitung! Verschl\u00fcsseln Machen wir das doch einfach mal an einem &#8230; <a title=\"Symmetrische Verschl\u00fcsselung von Dateien und ganzen Verzeichnissen mit GnuPG unter Windows\" class=\"read-more\" href=\"https:\/\/grupp-web.de\/cms\/symmetrische-verschluesselung-von-dateien-mit-gnupg-unter-windows\/\" aria-label=\"Mehr Informationen \u00fcber Symmetrische Verschl\u00fcsselung von Dateien und ganzen Verzeichnissen mit GnuPG unter Windows\">Weiterlesen<\/a><\/p>\n","protected":false},"author":1,"featured_media":0,"parent":0,"menu_order":0,"comment_status":"closed","ping_status":"closed","template":"","meta":{"footnotes":""},"class_list":["post-1654","page","type-page","status-publish"],"_links":{"self":[{"href":"https:\/\/grupp-web.de\/cms\/wp-json\/wp\/v2\/pages\/1654","targetHints":{"allow":["GET"]}}],"collection":[{"href":"https:\/\/grupp-web.de\/cms\/wp-json\/wp\/v2\/pages"}],"about":[{"href":"https:\/\/grupp-web.de\/cms\/wp-json\/wp\/v2\/types\/page"}],"author":[{"embeddable":true,"href":"https:\/\/grupp-web.de\/cms\/wp-json\/wp\/v2\/users\/1"}],"replies":[{"embeddable":true,"href":"https:\/\/grupp-web.de\/cms\/wp-json\/wp\/v2\/comments?post=1654"}],"version-history":[{"count":2,"href":"https:\/\/grupp-web.de\/cms\/wp-json\/wp\/v2\/pages\/1654\/revisions"}],"predecessor-version":[{"id":1670,"href":"https:\/\/grupp-web.de\/cms\/wp-json\/wp\/v2\/pages\/1654\/revisions\/1670"}],"wp:attachment":[{"href":"https:\/\/grupp-web.de\/cms\/wp-json\/wp\/v2\/media?parent=1654"}],"curies":[{"name":"wp","href":"https:\/\/api.w.org\/{rel}","templated":true}]}}