{"id":1640,"date":"2020-03-06T13:10:32","date_gmt":"2020-03-06T12:10:32","guid":{"rendered":"https:\/\/grupp-web.de\/cms\/?page_id=1640"},"modified":"2020-03-06T13:10:33","modified_gmt":"2020-03-06T12:10:33","slug":"gpg4win-installation","status":"publish","type":"page","link":"https:\/\/grupp-web.de\/cms\/gpg4win-installation\/","title":{"rendered":"Gpg4Win-Installation"},"content":{"rendered":"\n<p>Unter  <a href=\"https:\/\/www.gpg4win.de\" target=\"_blank\" rel=\"noreferrer noopener\" aria-label=\"https:\/\/www.gpg4win.de (\u00f6ffnet in neuem Tab)\">https:\/\/www.gpg4win.de<\/a> ist das Installationspaket zum Download verf\u00fcgbar.<\/p>\n\n\n\n<figure class=\"wp-block-image size-large\"><img loading=\"lazy\" decoding=\"async\" width=\"551\" height=\"365\" src=\"https:\/\/grupp-web.de\/cms\/wp-content\/uploads\/2020\/03\/01_Download-Gpg4win.png\" alt=\"\" class=\"wp-image-1641\" srcset=\"https:\/\/grupp-web.de\/cms\/wp-content\/uploads\/2020\/03\/01_Download-Gpg4win.png 551w, https:\/\/grupp-web.de\/cms\/wp-content\/uploads\/2020\/03\/01_Download-Gpg4win-300x199.png 300w\" sizes=\"auto, (max-width: 551px) 100vw, 551px\" \/><\/figure>\n\n\n\n<p>Dort zuerst auf &#8222;Download Gpg4win &#8230;&#8220; klicken und &#8230;<\/p>\n\n\n\n<figure class=\"wp-block-image size-large\"><img loading=\"lazy\" decoding=\"async\" width=\"531\" height=\"408\" src=\"https:\/\/grupp-web.de\/cms\/wp-content\/uploads\/2020\/03\/02_Download-Gpg4win-Demo-Nullzahlung.png\" alt=\"\" class=\"wp-image-1642\" srcset=\"https:\/\/grupp-web.de\/cms\/wp-content\/uploads\/2020\/03\/02_Download-Gpg4win-Demo-Nullzahlung.png 531w, https:\/\/grupp-web.de\/cms\/wp-content\/uploads\/2020\/03\/02_Download-Gpg4win-Demo-Nullzahlung-300x231.png 300w\" sizes=\"auto, (max-width: 531px) 100vw, 531px\" \/><\/figure>\n\n\n\n<p>&#8230; \u00fcber die eigene Spendenwilligkeit nachdenken. F\u00fcr diese Demo wurde ein Betrag von 0\u20ac gew\u00e4hlt und anschlie\u00dfend \u00fcber die Schaltfl\u00e4che &#8222;Herunterladen&#8220; der Download gestartet.<\/p>\n\n\n\n<p>Nach dem Download die Installations-Datei starten und im ersten Dialog die Installationssprache best\u00e4tigen (ggf. auf die eigenen Vorliebe umstellen).<\/p>\n\n\n\n<figure class=\"wp-block-image size-large\"><img loading=\"lazy\" decoding=\"async\" width=\"290\" height=\"155\" src=\"https:\/\/grupp-web.de\/cms\/wp-content\/uploads\/2020\/03\/03_Installer-Sprachwahl.png\" alt=\"\" class=\"wp-image-1643\"\/><\/figure>\n\n\n\n<p>Es wird ein \u00fcblicher Willkommensbildschirm des Installationspakets angezeigt. Diesen mit &#8222;Weiter&#8220; best\u00e4tigen.<\/p>\n\n\n\n<figure class=\"wp-block-image size-large\"><img loading=\"lazy\" decoding=\"async\" width=\"499\" height=\"388\" src=\"https:\/\/grupp-web.de\/cms\/wp-content\/uploads\/2020\/03\/04_Gpg4win-Installations-Start.png\" alt=\"\" class=\"wp-image-1644\" srcset=\"https:\/\/grupp-web.de\/cms\/wp-content\/uploads\/2020\/03\/04_Gpg4win-Installations-Start.png 499w, https:\/\/grupp-web.de\/cms\/wp-content\/uploads\/2020\/03\/04_Gpg4win-Installations-Start-300x233.png 300w\" sizes=\"auto, (max-width: 499px) 100vw, 499px\" \/><\/figure>\n\n\n\n<p>Im n\u00e4chsten Schritt werden die zu installierenden Komponenten angezeigt. Der nachfolgende Screenshot zeigt die Standard-Vorauswahl. An dieser Auswahl muss nichts ge\u00e4ndert werden! Es geht also wieder direkt mit &#8222;Weiter&#8220; einen Schritt voran.<\/p>\n\n\n\n<figure class=\"wp-block-image size-large\"><img loading=\"lazy\" decoding=\"async\" width=\"499\" height=\"388\" src=\"https:\/\/grupp-web.de\/cms\/wp-content\/uploads\/2020\/03\/05_Gpg4win-Installationskomponenten-Default.png\" alt=\"\" class=\"wp-image-1645\" srcset=\"https:\/\/grupp-web.de\/cms\/wp-content\/uploads\/2020\/03\/05_Gpg4win-Installationskomponenten-Default.png 499w, https:\/\/grupp-web.de\/cms\/wp-content\/uploads\/2020\/03\/05_Gpg4win-Installationskomponenten-Default-300x233.png 300w\" sizes=\"auto, (max-width: 499px) 100vw, 499px\" \/><\/figure>\n\n\n\n<p>Auch die Voreinstellungen des n\u00e4chsten Dialogs, wo n\u00e4mlich die Software installiert werden soll, kann einfach \u00fcbernommen werden. Und damit beginnt \u00fcber die Schaltfl\u00e4che &#8222;Installieren&#8220; bereits der eigentliche Installationsprozess.<\/p>\n\n\n\n<figure class=\"wp-block-image size-large\"><img loading=\"lazy\" decoding=\"async\" width=\"499\" height=\"388\" src=\"https:\/\/grupp-web.de\/cms\/wp-content\/uploads\/2020\/03\/06_Gpg4win-Installationsverz-Default.png\" alt=\"\" class=\"wp-image-1646\" srcset=\"https:\/\/grupp-web.de\/cms\/wp-content\/uploads\/2020\/03\/06_Gpg4win-Installationsverz-Default.png 499w, https:\/\/grupp-web.de\/cms\/wp-content\/uploads\/2020\/03\/06_Gpg4win-Installationsverz-Default-300x233.png 300w\" sizes=\"auto, (max-width: 499px) 100vw, 499px\" \/><\/figure>\n\n\n\n<p>Der Installationsprozess startet. Nach kurzer Zeit &#8230;<\/p>\n\n\n\n<figure class=\"wp-block-image size-large\"><img loading=\"lazy\" decoding=\"async\" width=\"499\" height=\"388\" src=\"https:\/\/grupp-web.de\/cms\/wp-content\/uploads\/2020\/03\/07_Gpg4win-eigentliche-Installation.png\" alt=\"\" class=\"wp-image-1647\" srcset=\"https:\/\/grupp-web.de\/cms\/wp-content\/uploads\/2020\/03\/07_Gpg4win-eigentliche-Installation.png 499w, https:\/\/grupp-web.de\/cms\/wp-content\/uploads\/2020\/03\/07_Gpg4win-eigentliche-Installation-300x233.png 300w\" sizes=\"auto, (max-width: 499px) 100vw, 499px\" \/><\/figure>\n\n\n\n<p>&#8230; ist die Installation fertig und der nachfolgende Schlussdialog wird angezeigt.<\/p>\n\n\n\n<figure class=\"wp-block-image size-large\"><img loading=\"lazy\" decoding=\"async\" width=\"499\" height=\"388\" src=\"https:\/\/grupp-web.de\/cms\/wp-content\/uploads\/2020\/03\/08_Gpg4win-Installationsende-Default.png\" alt=\"\" class=\"wp-image-1648\" srcset=\"https:\/\/grupp-web.de\/cms\/wp-content\/uploads\/2020\/03\/08_Gpg4win-Installationsende-Default.png 499w, https:\/\/grupp-web.de\/cms\/wp-content\/uploads\/2020\/03\/08_Gpg4win-Installationsende-Default-300x233.png 300w\" sizes=\"auto, (max-width: 499px) 100vw, 499px\" \/><\/figure>\n\n\n\n<p>Nach dem Schlie\u00dfen dieses Dialogs \u00fcber die Schaltfl\u00e4che &#8222;Fertig stellen&#8220; startet das Programm &#8222;Kleopatra&#8220;. Die eigentliche Verschl\u00fcsselungssoftware verwendet im Normalfall die asymmetrische Verschl\u00fcsselung und m\u00f6chte nun gleich das daf\u00fcr ben\u00f6tigte, pers\u00f6nliche Schl\u00fcsselpaar erstellen. Da dies aber auch sp\u00e4ter m\u00f6glich ist, eventuell nur die symmetrische Verschl\u00fcsselung von Dateien gew\u00fcnscht ist, f\u00fchren wir das hier nicht aus. Der nachfolgende Dialog wird deshalb durch Schlie\u00dfen des Fensters (oben rechts auf das X klicken) beendet.<\/p>\n\n\n\n<figure class=\"wp-block-image size-large\"><img loading=\"lazy\" decoding=\"async\" width=\"679\" height=\"360\" src=\"https:\/\/grupp-web.de\/cms\/wp-content\/uploads\/2020\/03\/09_Kleopatra-Autostart-Default.png\" alt=\"\" class=\"wp-image-1649\" srcset=\"https:\/\/grupp-web.de\/cms\/wp-content\/uploads\/2020\/03\/09_Kleopatra-Autostart-Default.png 679w, https:\/\/grupp-web.de\/cms\/wp-content\/uploads\/2020\/03\/09_Kleopatra-Autostart-Default-300x159.png 300w\" sizes=\"auto, (max-width: 679px) 100vw, 679px\" \/><\/figure>\n\n\n\n<p>Das war&#8217;s dann schon! Die Standard-Komponenten von Gpg4win sind installiert!<\/p>\n","protected":false},"excerpt":{"rendered":"<p>Unter https:\/\/www.gpg4win.de ist das Installationspaket zum Download verf\u00fcgbar. Dort zuerst auf &#8222;Download Gpg4win &#8230;&#8220; klicken und &#8230; &#8230; \u00fcber die eigene Spendenwilligkeit nachdenken. F\u00fcr diese Demo wurde ein Betrag von 0\u20ac gew\u00e4hlt und anschlie\u00dfend \u00fcber die Schaltfl\u00e4che &#8222;Herunterladen&#8220; der Download gestartet. Nach dem Download die Installations-Datei starten und im ersten Dialog die Installationssprache best\u00e4tigen (ggf. &#8230; <a title=\"Gpg4Win-Installation\" class=\"read-more\" href=\"https:\/\/grupp-web.de\/cms\/gpg4win-installation\/\" aria-label=\"Mehr Informationen \u00fcber Gpg4Win-Installation\">Weiterlesen<\/a><\/p>\n","protected":false},"author":1,"featured_media":0,"parent":0,"menu_order":0,"comment_status":"closed","ping_status":"closed","template":"","meta":{"footnotes":""},"class_list":["post-1640","page","type-page","status-publish"],"_links":{"self":[{"href":"https:\/\/grupp-web.de\/cms\/wp-json\/wp\/v2\/pages\/1640","targetHints":{"allow":["GET"]}}],"collection":[{"href":"https:\/\/grupp-web.de\/cms\/wp-json\/wp\/v2\/pages"}],"about":[{"href":"https:\/\/grupp-web.de\/cms\/wp-json\/wp\/v2\/types\/page"}],"author":[{"embeddable":true,"href":"https:\/\/grupp-web.de\/cms\/wp-json\/wp\/v2\/users\/1"}],"replies":[{"embeddable":true,"href":"https:\/\/grupp-web.de\/cms\/wp-json\/wp\/v2\/comments?post=1640"}],"version-history":[{"count":1,"href":"https:\/\/grupp-web.de\/cms\/wp-json\/wp\/v2\/pages\/1640\/revisions"}],"predecessor-version":[{"id":1650,"href":"https:\/\/grupp-web.de\/cms\/wp-json\/wp\/v2\/pages\/1640\/revisions\/1650"}],"wp:attachment":[{"href":"https:\/\/grupp-web.de\/cms\/wp-json\/wp\/v2\/media?parent=1640"}],"curies":[{"name":"wp","href":"https:\/\/api.w.org\/{rel}","templated":true}]}}